{"id":26,"date":"2024-12-26T10:34:35","date_gmt":"2024-12-26T15:34:35","guid":{"rendered":"http:\/\/telcomplus.com.ec\/?page_id=26"},"modified":"2024-12-28T18:03:51","modified_gmt":"2024-12-28T23:03:51","slug":"contacto","status":"publish","type":"page","link":"http:\/\/telcomplus.com.ec\/?page_id=26","title":{"rendered":"Contacto"},"content":{"rendered":"\n<div class=\"wp-block-uagb-container uagb-block-d3e451b3 alignfull uagb-is-root-container\"><div class=\"uagb-container-inner-blocks-wrap\">\n<div class=\"wp-block-uagb-container uagb-block-d1421e23\">\n<div class=\"wp-block-uagb-advanced-heading uagb-block-ec3c482c\"><h3 class=\"uagb-heading-text\">Contacto<\/h3><p class=\"uagb-desc-text\">\u00bfTienes alguna duda o consulta? Cont\u00e1ctanos y nuestro equipo se encargar\u00e1 de brindarte la informaci\u00f3n que necesitas.<\/p><\/div>\n<\/div>\n\n\n\n<div class=\"wp-block-uagb-container uagb-block-24a63dee\">\n<div class=\"wp-block-uagb-forms uagb-forms__outer-wrap uagb-block-4e8c1609 uagb-forms__medium-btn\"><form class=\"uagb-forms-main-form\" method=\"post\" autocomplete=\"on\" name=\"uagb-form-4e8c1609\">\n<div class=\"wp-block-uagb-forms-name uagb-forms-name-wrap uagb-forms-field-set uagb-block-94897fd0\"><div class=\"uagb-forms-name-label required uagb-forms-input-label\" id=\"94897fd0\">Nombre<\/div><input type=\"text\" placeholder=\"Nombre Completo\" required class=\"uagb-forms-name-input uagb-forms-input\" name=\"94897fd0\" autocomplete=\"given-name\"\/><\/div>\n\n\n\n<div class=\"wp-block-uagb-forms-name uagb-forms-name-wrap uagb-forms-field-set uagb-block-0aa36f1f\"><div class=\"uagb-forms-name-label required uagb-forms-input-label\" id=\"0aa36f1f\">Apellido<\/div><input type=\"text\" placeholder=\"Primer Apellido\" required class=\"uagb-forms-name-input uagb-forms-input\" name=\"0aa36f1f\" autocomplete=\"family-name\"\/><\/div>\n\n\n\n<div class=\"wp-block-uagb-forms-email uagb-forms-email-wrap uagb-forms-field-set uagb-block-e8e37046\"><div class=\"uagb-forms-email-label required uagb-forms-input-label\" id=\"e8e37046\">Correo<\/div><input type=\"email\" class=\"uagb-forms-email-input uagb-forms-input\" placeholder=\"ejemplo@mail.com\" required name=\"e8e37046\" autocomplete=\"email\"\/><\/div>\n\n\n\n<div class=\"wp-block-uagb-forms-textarea uagb-forms-textarea-wrap uagb-forms-field-set uagb-block-ec04ae7f\"><div class=\"uagb-forms-textarea-label required uagb-forms-input-label\" id=\"ec04ae7f\">Mensaje<\/div><textarea required class=\"uagb-forms-textarea-input uagb-forms-input\" rows=\"4\" placeholder=\"Ingresa tu mensaje\" name=\"ec04ae7f\" autocomplete=\"off\"><\/textarea><\/div>\n<div class=\"uagb-forms-form-hidden-data\"><input type=\"hidden\" class=\"uagb_forms_form_label\" value=\"Spectra Form\"\/><input type=\"hidden\" class=\"uagb_forms_form_id\" value=\"uagb-form-4e8c1609\"\/><\/div><div class=\"uagb-form-reacaptcha-error-4e8c1609\"><\/div><div class=\"uagb-forms-main-submit-button-wrap wp-block-button\"><button class=\"uagb-forms-main-submit-button wp-block-button__link\"><div class=\"uagb-forms-main-submit-button-text\">Enviar<\/div><\/button><\/div><\/form><div class=\"uagb-forms-success-message-4e8c1609 uagb-forms-submit-message-hide\"><span>\u00a1El formulario ha sido enviado exitosamente!<\/span><\/div><div class=\"uagb-forms-failed-message-4e8c1609 uagb-forms-submit-message-hide\"><span>Se ha producido un error al enviar el formulario. Por favor, vuelva a verificar todos los campos del formulario.<\/span><\/div><\/div>\n<\/div>\n\n\n\n<div class=\"wp-block-uagb-container uagb-block-b610b9b6\"><\/div>\n<\/div><\/div>\n","protected":false},"excerpt":{"rendered":"<p>Contacto \u00bfTienes alguna duda o consulta? Cont\u00e1ctanos y nuestro equipo se encargar\u00e1 de brindarte la informaci\u00f3n que necesitas.<\/p>\n","protected":false},"author":1,"featured_media":0,"parent":0,"menu_order":0,"comment_status":"closed","ping_status":"closed","template":"","meta":{"_uag_custom_page_level_css":"","site-sidebar-layout":"default","site-content-layout":"","ast-site-content-layout":"","site-content-style":"default","site-sidebar-style":"default","ast-global-header-display":"","ast-banner-title-visibility":"","ast-main-header-display":"","ast-hfb-above-header-display":"","ast-hfb-below-header-display":"","ast-hfb-mobile-header-display":"","site-post-title":"disabled","ast-breadcrumbs-content":"","ast-featured-img":"","footer-sml-layout":"","theme-transparent-header-meta":"","adv-header-id-meta":"","stick-header-meta":"","header-above-stick-meta":"","header-main-stick-meta":"","header-below-stick-meta":"","astra-migrate-meta-layouts":"default","ast-page-background-enabled":"default","ast-page-background-meta":{"desktop":{"background-color":"var(--ast-global-color-4)","background-image":"","background-repeat":"repeat","background-position":"center center","background-size":"auto","background-attachment":"scroll","background-type":"","background-media":"","overlay-type":"","overlay-color":"","overlay-opacity":"","overlay-gradient":""},"tablet":{"background-color":"","background-image":"","background-repeat":"repeat","background-position":"center center","background-size":"auto","background-attachment":"scroll","background-type":"","background-media":"","overlay-type":"","overlay-color":"","overlay-opacity":"","overlay-gradient":""},"mobile":{"background-color":"","background-image":"","background-repeat":"repeat","background-position":"center center","background-size":"auto","background-attachment":"scroll","background-type":"","background-media":"","overlay-type":"","overlay-color":"","overlay-opacity":"","overlay-gradient":""}},"ast-content-background-meta":{"desktop":{"background-color":"var(--ast-global-color-5)","background-image":"","background-repeat":"repeat","background-position":"center center","background-size":"auto","background-attachment":"scroll","background-type":"","background-media":"","overlay-type":"","overlay-color":"","overlay-opacity":"","overlay-gradient":""},"tablet":{"background-color":"var(--ast-global-color-5)","background-image":"","background-repeat":"repeat","background-position":"center center","background-size":"auto","background-attachment":"scroll","background-type":"","background-media":"","overlay-type":"","overlay-color":"","overlay-opacity":"","overlay-gradient":""},"mobile":{"background-color":"var(--ast-global-color-5)","background-image":"","background-repeat":"repeat","background-position":"center center","background-size":"auto","background-attachment":"scroll","background-type":"","background-media":"","overlay-type":"","overlay-color":"","overlay-opacity":"","overlay-gradient":""}},"footnotes":""},"class_list":["post-26","page","type-page","status-publish","hentry"],"uagb_featured_image_src":{"full":false,"thumbnail":false,"medium":false,"medium_large":false,"large":false,"1536x1536":false,"2048x2048":false},"uagb_author_info":{"display_name":"telcohost","author_link":"http:\/\/telcomplus.com.ec\/?author=1"},"uagb_comment_info":0,"uagb_excerpt":"Contacto \u00bfTienes alguna duda o consulta? Cont\u00e1ctanos y nuestro equipo se encargar\u00e1 de brindarte la informaci\u00f3n que necesitas.","_links":{"self":[{"href":"http:\/\/telcomplus.com.ec\/index.php?rest_route=\/wp\/v2\/pages\/26","targetHints":{"allow":["GET"]}}],"collection":[{"href":"http:\/\/telcomplus.com.ec\/index.php?rest_route=\/wp\/v2\/pages"}],"about":[{"href":"http:\/\/telcomplus.com.ec\/index.php?rest_route=\/wp\/v2\/types\/page"}],"author":[{"embeddable":true,"href":"http:\/\/telcomplus.com.ec\/index.php?rest_route=\/wp\/v2\/users\/1"}],"replies":[{"embeddable":true,"href":"http:\/\/telcomplus.com.ec\/index.php?rest_route=%2Fwp%2Fv2%2Fcomments&post=26"}],"version-history":[{"count":12,"href":"http:\/\/telcomplus.com.ec\/index.php?rest_route=\/wp\/v2\/pages\/26\/revisions"}],"predecessor-version":[{"id":154,"href":"http:\/\/telcomplus.com.ec\/index.php?rest_route=\/wp\/v2\/pages\/26\/revisions\/154"}],"wp:attachment":[{"href":"http:\/\/telcomplus.com.ec\/index.php?rest_route=%2Fwp%2Fv2%2Fmedia&parent=26"}],"curies":[{"name":"wp","href":"https:\/\/api.w.org\/{rel}","templated":true}]}}